{"id":107,"date":"2026-04-05T19:26:13","date_gmt":"2026-04-05T17:26:13","guid":{"rendered":"https:\/\/www.euroyarn.fr\/?page_id=107"},"modified":"2026-04-21T18:55:48","modified_gmt":"2026-04-21T16:55:48","slug":"accueil","status":"publish","type":"page","link":"https:\/\/www.euroyarn.fr\/","title":{"rendered":"accueil"},"content":{"rendered":"\n<figure class=\"wp-block-image size-full\"><img loading=\"lazy\" decoding=\"async\" width=\"1024\" height=\"1024\" src=\"http:\/\/www.euroyarn.fr\/wp-content\/uploads\/2026\/04\/Logo-moderne-EUROYAR.png\" alt=\"\" class=\"wp-image-67\" srcset=\"https:\/\/www.euroyarn.fr\/wp-content\/uploads\/2026\/04\/Logo-moderne-EUROYAR.png 1024w, https:\/\/www.euroyarn.fr\/wp-content\/uploads\/2026\/04\/Logo-moderne-EUROYAR-300x300.png 300w, https:\/\/www.euroyarn.fr\/wp-content\/uploads\/2026\/04\/Logo-moderne-EUROYAR-150x150.png 150w, https:\/\/www.euroyarn.fr\/wp-content\/uploads\/2026\/04\/Logo-moderne-EUROYAR-768x768.png 768w\" sizes=\"auto, (max-width: 1024px) 100vw, 1024px\" \/><\/figure>\n\n\n\n<div class=\"wp-block-group alignfull has-accent-2-background-color has-background has-global-padding is-layout-constrained wp-container-core-group-is-layout-669513ed wp-block-group-is-layout-constrained\" style=\"margin-top:0;margin-bottom:0;padding-top:var(--wp--preset--spacing--50);padding-right:var(--wp--preset--spacing--50);padding-bottom:var(--wp--preset--spacing--50);padding-left:var(--wp--preset--spacing--50)\">\n<div class=\"wp-block-columns alignwide is-layout-flex wp-container-core-columns-is-layout-28f84493 wp-block-columns-is-layout-flex\">\n<div class=\"wp-block-column is-layout-flow wp-block-column-is-layout-flow\" style=\"flex-basis:40%\">\n<figure class=\"wp-block-image size-large\"><img loading=\"lazy\" decoding=\"async\" width=\"1024\" height=\"683\" src=\"http:\/\/www.euroyarn.fr\/wp-content\/uploads\/2026\/04\/Schema-fil-textile-1024x683.png\" alt=\"\" class=\"wp-image-113\" srcset=\"https:\/\/www.euroyarn.fr\/wp-content\/uploads\/2026\/04\/Schema-fil-textile-1024x683.png 1024w, https:\/\/www.euroyarn.fr\/wp-content\/uploads\/2026\/04\/Schema-fil-textile-300x200.png 300w, https:\/\/www.euroyarn.fr\/wp-content\/uploads\/2026\/04\/Schema-fil-textile-768x512.png 768w, https:\/\/www.euroyarn.fr\/wp-content\/uploads\/2026\/04\/Schema-fil-textile.png 1536w\" sizes=\"auto, (max-width: 1024px) 100vw, 1024px\" \/><\/figure>\n\n\n\n<div class=\"wp-block-buttons is-layout-flex wp-block-buttons-is-layout-flex\">\n<div class=\"wp-block-button\"><a class=\"wp-block-button__link wp-element-button\">POY DTY FDY<\/a><\/div>\n<\/div>\n\n\n\n<div class=\"wp-block-buttons is-layout-flex wp-block-buttons-is-layout-flex\">\n<div class=\"wp-block-button\"><a class=\"wp-block-button__link wp-element-button\">NIM  SIM  HIM<\/a><\/div>\n<\/div>\n\n\n\n<div class=\"wp-block-buttons is-layout-flex wp-block-buttons-is-layout-flex\">\n<div class=\"wp-block-button\"><a class=\"wp-block-button__link wp-element-button\">DENIER    DTEX<\/a><\/div>\n<\/div>\n<\/div>\n\n\n\n<div class=\"wp-block-column is-layout-flow wp-block-column-is-layout-flow\" style=\"flex-basis:60%\">\n<p class=\"has-heading-font-family has-large-font-size\" style=\"line-height:1.2\">Entre chimie et textile, il n\u2019y a qu\u2019un fil\u2026 et <strong>EUROYARN<\/strong> le ma\u00eetrise \u00e0 la perfection. Forte d\u2019une longue exp\u00e9rience dans la filature synth\u00e9tique, EUROYARN s\u2019impose comme une solution europ\u00e9enne et internationale pour les filaments <strong>Polyester<\/strong> et <strong>Polyamide<\/strong> 6 \/ 66.<br>Nous privil\u00e9gions le Dope Dye, gage de performance, de durabilit\u00e9, \u00e9coenvironnemental et de constance couleur. Les fils sont disponibles textur\u00e9s ou plats, conditionn\u00e9s sur c\u00f4nes ou Galette, selon vos besoins industriels. Ajout de fonctionnalit\u00e9 comme l&rsquo;antibacterien<\/p>\n\n\n\n<ul class=\"wp-block-list\">\n<li>Polyester recycl\u00e9 <\/li>\n\n\n\n<li>Polyester Antibact\u00e9rien <\/li>\n\n\n\n<li>Polyester Mono filament<\/li>\n\n\n\n<li>Polyester Dop Dye<\/li>\n\n\n\n<li>Polyester Haut Tenacit\u00e9<\/li>\n<\/ul>\n<\/div>\n<\/div>\n\n\n\n<div style=\"height:var(--wp--preset--spacing--40)\" aria-hidden=\"true\" class=\"wp-block-spacer\"><\/div>\n\n\n\n<figure class=\"wp-block-image alignwide size-large is-style-rounded is-style-rounded--1\"><img loading=\"lazy\" decoding=\"async\" width=\"1024\" height=\"638\" src=\"http:\/\/www.euroyarn.fr\/wp-content\/uploads\/2026\/04\/FIBRE-Fond-claire-1024x638.png\" alt=\"\" class=\"wp-image-109\" srcset=\"https:\/\/www.euroyarn.fr\/wp-content\/uploads\/2026\/04\/FIBRE-Fond-claire-1024x638.png 1024w, https:\/\/www.euroyarn.fr\/wp-content\/uploads\/2026\/04\/FIBRE-Fond-claire-300x187.png 300w, https:\/\/www.euroyarn.fr\/wp-content\/uploads\/2026\/04\/FIBRE-Fond-claire-768x478.png 768w, https:\/\/www.euroyarn.fr\/wp-content\/uploads\/2026\/04\/FIBRE-Fond-claire-1536x957.png 1536w, https:\/\/www.euroyarn.fr\/wp-content\/uploads\/2026\/04\/FIBRE-Fond-claire.png 1734w\" sizes=\"auto, (max-width: 1024px) 100vw, 1024px\" \/><\/figure>\n<\/div>\n\n\n\n<div class=\"wp-block-group alignfull has-base-background-color has-background has-global-padding is-layout-constrained wp-container-core-group-is-layout-d89aad35 wp-block-group-is-layout-constrained\" style=\"margin-top:0;margin-bottom:0;padding-top:var(--wp--preset--spacing--50);padding-right:var(--wp--preset--spacing--50);padding-bottom:var(--wp--preset--spacing--50);padding-left:var(--wp--preset--spacing--50)\">\n<div class=\"wp-block-columns alignwide is-layout-flex wp-container-core-columns-is-layout-549b0c86 wp-block-columns-is-layout-flex\">\n<div class=\"wp-block-column has-global-padding is-content-justification-left is-layout-constrained wp-container-core-column-is-layout-4f15e8fe wp-block-column-is-layout-constrained\" style=\"flex-basis:40%\">\n<p>Teints en bourre ou en fil, enrichis de m\u00e9langes nobles comme la soie ou le cachemire, ou orient\u00e9s vers des performances techniques gr\u00e2ce aux aramides, notre gamme de fils laine ouvre un champ de cr\u00e9ation extr\u00eamement vaste.<br>Des compositions les plus luxueuses aux solutions les plus fonctionnelles, nous pouvons tout imaginer, tout d\u00e9velopper, tout adapter.<\/p>\n<\/div>\n\n\n\n<div class=\"wp-block-column is-layout-flow wp-container-core-column-is-layout-119bc444 wp-block-column-is-layout-flow\" style=\"flex-basis:60%\">\n<p class=\"has-heading-font-family has-x-large-font-size\" style=\"line-height:1.2\">La Laine<\/p>\n\n\n\n<div class=\"wp-block-columns is-layout-flex wp-container-core-columns-is-layout-87beb0d0 wp-block-columns-is-layout-flex\">\n<div class=\"wp-block-column is-layout-flow wp-block-column-is-layout-flow\">\n<p class=\"wp-container-content-9cfa9a5a\">La finesse est le facteur d\u00e9terminant de la valeur de la laine. Le march\u00e9 mondial est en croissance mod\u00e9r\u00e9e mais stable, tir\u00e9 par la demande en fibres naturelles et les innovations techniques. Les fibres naturelles hors coton, dont la laine, repr\u00e9sentent moins de 3 % du march\u00e9 textile. elle est de plus en plus utilis\u00e9e dans le v\u00eatement Outdoor , sport. <\/p>\n\n\n\n<p class=\"wp-container-content-9cfa9a5a\">&lt; 19 \u00b5m \u2192 fibres fines \u00e0 ultra-fines, segment premium.<\/p>\n\n\n\n<p>19\u201324 \u00b5m \u2192 fibres polyvalentes pour habillement.<\/p>\n\n\n\n<p class=\"wp-container-content-9cfa9a5a\">&gt; 28 \u00b5m \u2192 fibres grossi\u00e8res, plut\u00f4t techniques ou ameublement<\/p>\n<\/div>\n\n\n\n<div class=\"wp-block-column is-layout-flow wp-block-column-is-layout-flow\">\n<p>La laine garde la chaleur quand il fait froid et prot\u00e8ge aussi de la chaleur en \u00e9t\u00e9 gr\u00e2ce \u00e0 sa structure fibreuse qui emprisonne l\u2019air. Elle reste isolante m\u00eame humide. Contrairement au coton qui retient l\u2019eau, la laine absorbe jusqu\u2019\u00e0 35 % de son poids en humidit\u00e9 sans para\u00eetre mouill\u00e9e, puis l\u2019\u00e9vacue vers l\u2019ext\u00e9rieur.<br>R\u00e9sultat : on reste au sec, sans sensation de froidLa laine limite le d\u00e9veloppement des bact\u00e9ries et des acariens, ce qui explique l\u2019absence d\u2019odeurs de transpiration. La laine est naturellement ignifuge, sans traitement chimique. Elle br\u00fble difficilement et s\u2019\u00e9teint d\u2019elle-m\u00eame.<\/p>\n<\/div>\n<\/div>\n<\/div>\n<\/div>\n<\/div>\n\n\n\n<div class=\"wp-block-cover alignfull has-parallax\" style=\"padding-top:var(--wp--preset--spacing--50);padding-right:var(--wp--preset--spacing--50);padding-bottom:var(--wp--preset--spacing--50);padding-left:var(--wp--preset--spacing--50);min-height:100vh;aspect-ratio:unset;\"><div class=\"wp-block-cover__image-background wp-image-130 size-large has-parallax\" style=\"background-position:50% 50%;background-image:url(http:\/\/www.euroyarn.fr\/wp-content\/uploads\/2026\/04\/refroidir-POY-1024x576.jpg)\"><\/div><span aria-hidden=\"true\" class=\"wp-block-cover__background has-base-background-color has-background-dim-0 has-background-dim\"><\/span><div class=\"wp-block-cover__inner-container has-global-padding is-layout-constrained wp-container-core-cover-is-layout-e4fd886c wp-block-cover-is-layout-constrained\">\n<div style=\"height:500px\" aria-hidden=\"true\" class=\"wp-block-spacer\"><\/div>\n<\/div><\/div>\n\n\n\n<div class=\"wp-block-group alignfull has-base-2-background-color has-background has-global-padding is-layout-constrained wp-container-core-group-is-layout-7cd14b77 wp-block-group-is-layout-constrained\" style=\"margin-top:0;margin-bottom:0;padding-top:var(--wp--preset--spacing--60);padding-right:var(--wp--preset--spacing--60);padding-bottom:var(--wp--preset--spacing--60);padding-left:var(--wp--preset--spacing--60)\">\n<div class=\"wp-block-group alignwide is-layout-flow wp-block-group-is-layout-flow\">\n<div style=\"height:var(--wp--preset--spacing--50)\" aria-hidden=\"true\" class=\"wp-block-spacer\"><\/div>\n\n\n\n<p class=\"has-text-align-center has-heading-font-family has-x-large-font-size\" style=\"font-style:normal;font-weight:400;line-height:1.2\">Gr\u00e2ce \u00e0 une s\u00e9lection rigoureuse des fibres et \u00e0 un process de filature ma\u00eetris\u00e9, nous proposons des <strong>coton<\/strong>s qui se tricote et se tisse avec une stabilit\u00e9 exemplaire, sans surprises, Open end origine Italie, Peign\u00e9 Compact Turquie, Card\u00e9. Origine US, Eagean<\/p>\n\n\n\n<div style=\"height:var(--wp--preset--spacing--50)\" aria-hidden=\"true\" class=\"wp-block-spacer\"><\/div>\n<\/div>\n<\/div>\n\n\n\n<div class=\"wp-block-group alignfull has-global-padding is-layout-constrained wp-block-group-is-layout-constrained\">\n<div class=\"wp-block-group alignfull has-base-2-color has-contrast-background-color has-text-color has-background has-link-color wp-elements-9fe96ac584ee67f2d762634997285482 has-global-padding is-layout-constrained wp-container-core-group-is-layout-facafb6f wp-block-group-is-layout-constrained\" style=\"margin-top:0;margin-bottom:0;padding-top:var(--wp--preset--spacing--50);padding-right:var(--wp--preset--spacing--50);padding-bottom:var(--wp--preset--spacing--50);padding-left:var(--wp--preset--spacing--50)\">\n<div class=\"wp-block-columns alignwide is-layout-flex wp-container-core-columns-is-layout-d1c656ed wp-block-columns-is-layout-flex\">\n<div class=\"wp-block-column is-vertically-aligned-stretch is-layout-flow wp-block-column-is-layout-flow\" style=\"padding-right:0;flex-basis:60%\">\n<div class=\"wp-block-group is-vertical is-content-justification-stretch is-layout-flex wp-container-core-group-is-layout-ae24f51d wp-block-group-is-layout-flex\" style=\"min-height:100%\">\n<div class=\"wp-block-cover is-light\"><img loading=\"lazy\" decoding=\"async\" width=\"1024\" height=\"348\" class=\"wp-block-cover__image-background wp-image-132 size-large\" alt=\"\" src=\"http:\/\/www.euroyarn.fr\/wp-content\/uploads\/2026\/04\/Viscose-Manufacturin-1024x348.jpg\" data-object-fit=\"cover\" srcset=\"https:\/\/www.euroyarn.fr\/wp-content\/uploads\/2026\/04\/Viscose-Manufacturin-1024x348.jpg 1024w, https:\/\/www.euroyarn.fr\/wp-content\/uploads\/2026\/04\/Viscose-Manufacturin-300x102.jpg 300w, https:\/\/www.euroyarn.fr\/wp-content\/uploads\/2026\/04\/Viscose-Manufacturin-768x261.jpg 768w, https:\/\/www.euroyarn.fr\/wp-content\/uploads\/2026\/04\/Viscose-Manufacturin.jpg 1437w\" sizes=\"auto, (max-width: 1024px) 100vw, 1024px\" \/><span aria-hidden=\"true\" class=\"wp-block-cover__background has-background-dim\" style=\"background-color:#f2f2f2\"><\/span><div class=\"wp-block-cover__inner-container is-layout-flow wp-block-cover-is-layout-flow\">\n<p class=\"has-text-align-center has-large-font-size\"><\/p>\n<\/div><\/div>\n\n\n\n<p class=\"has-medium-font-size\">1. \u00c0 travers \u00c9tudes, nous aspirons \u00e0 red\u00e9finir les limites de notre textile et \u00e0 inaugurer une nouvelle \u00e8re d\u2019excellence en mati\u00e8re de fonctionnalit\u00e9 et environnemental<\/p>\n<\/div>\n\n\n<h1 class=\"wp-block-site-title\"><a href=\"https:\/\/www.euroyarn.fr\" target=\"_self\" rel=\"home\">EUROYARN.FR<\/a><\/h1><\/div>\n\n\n\n<div class=\"wp-block-column is-layout-flow wp-block-column-is-layout-flow\" style=\"flex-basis:40%\">\n<div class=\"wp-block-group has-global-padding is-layout-constrained wp-block-group-is-layout-constrained\">\n<p class=\"has-large-font-size\" style=\"font-style:normal;font-weight:500;line-height:1.2\">Notre gamme compl\u00e8te de Viscose est assur\u00e9e par le filateur Leaders en Europe s\u2019adresse \u00e0 une client\u00e8le diversifi\u00e9e, allant de melange et de fonctionnalit\u00e9 son esprit ecologie et Ecovero. Avec un engagement envers l\u2019innovation et la durabilit\u00e9, .<\/p>\n\n\n\n<div style=\"height:var(--wp--preset--spacing--40)\" aria-hidden=\"true\" class=\"wp-block-spacer\"><\/div>\n\n\n\n<div class=\"wp-block-group is-layout-flow wp-block-group-is-layout-flow\">\n<p class=\"has-medium-font-size\">2. Teint Fil \u00e0 travers un des plus grand teinturier Portugal. Un outil moderne rapidit\u00e9 <\/p>\n\n\n\n<figure class=\"wp-block-image size-full is-style-rounded is-style-rounded--2\"><img loading=\"lazy\" decoding=\"async\" width=\"705\" height=\"859\" src=\"http:\/\/www.euroyarn.fr\/wp-content\/uploads\/2026\/04\/couleur-pipetage.jpg\" alt=\"\" class=\"wp-image-123\" style=\"aspect-ratio:9\/16;object-fit:cover\" srcset=\"https:\/\/www.euroyarn.fr\/wp-content\/uploads\/2026\/04\/couleur-pipetage.jpg 705w, https:\/\/www.euroyarn.fr\/wp-content\/uploads\/2026\/04\/couleur-pipetage-246x300.jpg 246w\" sizes=\"auto, (max-width: 705px) 100vw, 705px\" \/><\/figure>\n<\/div>\n<\/div>\n<\/div>\n<\/div>\n<\/div>\n<\/div>\n\n\n\n<ul class=\"wp-block-list\">\n<li><\/li>\n<\/ul>\n\n\n<p class=\"wp-block-tag-cloud\">Il n\u2019y a aucun contenu \u00e0 afficher ici pour l\u2019instant.<\/p>","protected":false},"excerpt":{"rendered":"<p>Entre chimie et textile, il n\u2019y a qu\u2019un fil\u2026 et EUROYARN le ma\u00eetrise \u00e0 la perfection. Forte d\u2019une longue exp\u00e9rience dans la filature synth\u00e9tique, EUROYARN s\u2019impose comme une solution europ\u00e9enne et internationale pour les filaments Polyester et Polyamide 6 \/ 66.Nous privil\u00e9gions le Dope Dye, gage de performance, de durabilit\u00e9, \u00e9coenvironnemental et de constance couleur. [&hellip;]<\/p>\n","protected":false},"author":1,"featured_media":70,"parent":0,"menu_order":0,"comment_status":"closed","ping_status":"closed","template":"","meta":{"footnotes":""},"class_list":["post-107","page","type-page","status-publish","has-post-thumbnail","hentry"],"_links":{"self":[{"href":"https:\/\/www.euroyarn.fr\/index.php?rest_route=\/wp\/v2\/pages\/107","targetHints":{"allow":["GET"]}}],"collection":[{"href":"https:\/\/www.euroyarn.fr\/index.php?rest_route=\/wp\/v2\/pages"}],"about":[{"href":"https:\/\/www.euroyarn.fr\/index.php?rest_route=\/wp\/v2\/types\/page"}],"author":[{"embeddable":true,"href":"https:\/\/www.euroyarn.fr\/index.php?rest_route=\/wp\/v2\/users\/1"}],"replies":[{"embeddable":true,"href":"https:\/\/www.euroyarn.fr\/index.php?rest_route=%2Fwp%2Fv2%2Fcomments&post=107"}],"version-history":[{"count":18,"href":"https:\/\/www.euroyarn.fr\/index.php?rest_route=\/wp\/v2\/pages\/107\/revisions"}],"predecessor-version":[{"id":146,"href":"https:\/\/www.euroyarn.fr\/index.php?rest_route=\/wp\/v2\/pages\/107\/revisions\/146"}],"wp:featuredmedia":[{"embeddable":true,"href":"https:\/\/www.euroyarn.fr\/index.php?rest_route=\/wp\/v2\/media\/70"}],"wp:attachment":[{"href":"https:\/\/www.euroyarn.fr\/index.php?rest_route=%2Fwp%2Fv2%2Fmedia&parent=107"}],"curies":[{"name":"wp","href":"https:\/\/api.w.org\/{rel}","templated":true}]}}